{"id":5591,"date":"2017-02-23T12:07:30","date_gmt":"2017-02-23T12:07:30","guid":{"rendered":"https:\/\/koto.qodeinteractive.com\/product\/wild-horses-2\/"},"modified":"2024-07-22T14:27:47","modified_gmt":"2024-07-22T14:27:47","slug":"wild-horses-2","status":"publish","type":"product","link":"https:\/\/artlabandorra.com\/ca\/index.php\/product\/wild-horses-2\/","title":{"rendered":"Bohemian Rhapsody"},"content":{"rendered":"<div class=\"flex flex-grow flex-col max-w-full\">\n<div class=\"min-h-[20px] text-message flex w-full flex-col items-end gap-2 whitespace-pre-wrap break-words [.text-message+&amp;]:mt-5 overflow-x-auto\" dir=\"auto\" data-message-author-role=\"assistant\" data-message-id=\"b09cefb1-c6b7-4ab7-9294-0dc9996b24f1\">\n<div class=\"flex w-full flex-col gap-1 empty:hidden first:pt-[3px]\">\n<div class=\"markdown prose w-full break-words dark:prose-invert light\">\n<p>Aquest retrat de Freddie Mercury forma part de la col\u00b7lecci\u00f3 \u201cLights\u201d. Es caracteritza per evolucionar al llarg del dia segons la llum, ja que t\u00e9 una instal\u00b7laci\u00f3 de llum negra dins de l\u2019obra d\u2019art que es controla des del teu tel\u00e8fon m\u00f2bil. Durant el dia, amb llum natural, nom\u00e9s es veu el personatge. A la tarda, pots programar-lo o encendre\u2019l directament des del teu tel\u00e8fon m\u00f2bil, i de sobte els colors fluorescents cobren vida i el missatge ocult fet amb pintura fotoluminiscent comen\u00e7a a apar\u00e8ixer. I quan finalment apaguem la instal\u00b7laci\u00f3 i la teva casa queda a les fosques, podem contemplar el missatge ocult que amaga l\u2019obra d\u2019art, que \u00e9s l\u2019\u00e0nima de la pintura, durant aproximadament 15 minuts mentre es va esvaint gradualment, per comen\u00e7ar de nou l\u2019endem\u00e0.<\/p>\n<\/div>\n<\/div>\n<\/div>\n<\/div>\n","protected":false},"excerpt":{"rendered":"<p>Aquest retrat de Freddie Mercury forma part de la col\u00b7lecci\u00f3 \u201cLights\u201d. Es caracteritza per evolucionar al llarg del dia segons la llum, ja que t\u00e9 una instal\u00b7laci\u00f3 de llum negra dins de l\u2019obra d\u2019art que es controla des del teu [&hellip;]<\/p>\n","protected":false},"featured_media":22,"comment_status":"open","ping_status":"closed","template":"","meta":[],"product_cat":[131,277],"product_tag":[305],"_links":{"self":[{"href":"https:\/\/artlabandorra.com\/ca\/index.php\/wp-json\/wp\/v2\/product\/5591"}],"collection":[{"href":"https:\/\/artlabandorra.com\/ca\/index.php\/wp-json\/wp\/v2\/product"}],"about":[{"href":"https:\/\/artlabandorra.com\/ca\/index.php\/wp-json\/wp\/v2\/types\/product"}],"replies":[{"embeddable":true,"href":"https:\/\/artlabandorra.com\/ca\/index.php\/wp-json\/wp\/v2\/comments?post=5591"}],"wp:featuredmedia":[{"embeddable":true,"href":"https:\/\/artlabandorra.com\/ca\/index.php\/wp-json\/wp\/v2\/media\/22"}],"wp:attachment":[{"href":"https:\/\/artlabandorra.com\/ca\/index.php\/wp-json\/wp\/v2\/media?parent=5591"}],"wp:term":[{"taxonomy":"product_cat","embeddable":true,"href":"https:\/\/artlabandorra.com\/ca\/index.php\/wp-json\/wp\/v2\/product_cat?post=5591"},{"taxonomy":"product_tag","embeddable":true,"href":"https:\/\/artlabandorra.com\/ca\/index.php\/wp-json\/wp\/v2\/product_tag?post=5591"}],"curies":[{"name":"wp","href":"https:\/\/api.w.org\/{rel}","templated":true}]}}