{"id":7027,"date":"2024-03-25T12:25:06","date_gmt":"2024-03-25T12:25:06","guid":{"rendered":"https:\/\/artlabandorra.com\/new\/?post_type=product&#038;p=7027"},"modified":"2024-07-22T11:51:47","modified_gmt":"2024-07-22T11:51:47","slug":"scissors-hands","status":"publish","type":"product","link":"https:\/\/artlabandorra.com\/ca\/index.php\/product\/scissors-hands\/","title":{"rendered":"Scissors Hands"},"content":{"rendered":"<p>\u201cScissor Hands\u201d \u00e9s una obra on Maseda, amb acr\u00edlic i esprai sobre tela, transcendeix la mera representaci\u00f3 per endinsar-se en la profunditat de la individualitat. \u00c9s una pe\u00e7a distingida pel seu significat personal i un punt d&#8217;inflexi\u00f3 en l&#8217;evoluci\u00f3 creativa de l&#8217;artista. Aqu\u00ed, la figura representada no \u00e9s una celebritat o una figura p\u00fablica, sin\u00f3 un s\u00edmbol d&#8217;autenticitat individual. El treball de Maseda es caracteritza per una alliberaci\u00f3 del proc\u00e9s art\u00edstic, on cada pinzellada i cada esprai es desprenen de la por, permetent que la espontane\u00eftat i el subconscient flueixin lliurement. Els retoladors al cabell i la din\u00e0mica de l\u2019esprai parlen d\u2019una t\u00e8cnica instintiva i ef\u00edmera, reflectint un di\u00e0leg visceral entre l\u2019impuls controlat i l\u2019abandonament a la llibertat de moviment. Maseda descriu l\u2019obra com \u201cuna aventura super-equilibrada i una cosa molt, molt salvatge\u201d, subratllant la seva connexi\u00f3 personal amb la pe\u00e7a. L\u2019obra es converteix en una aventura per a l\u2019espectador, convidant-nos a un viatge per la ment de l\u2019artista, on la figura es manifesta amb energia crua i vitalitat que desafia les convencions. \u201cScissor Hands\u201d no \u00e9s nom\u00e9s un retrat, sin\u00f3 una expressi\u00f3 de llibertat art\u00edstica, un testimoni del poder de la pintura per canalitzar emocions profundes i ressonar amb nosaltres a un nivell instintiu i fonamental.<\/p>\n","protected":false},"excerpt":{"rendered":"<p>\u201cScissor Hands\u201d \u00e9s una obra on Maseda, amb acr\u00edlic i esprai sobre tela, transcendeix la mera representaci\u00f3 per endinsar-se en la profunditat de la individualitat. \u00c9s una pe\u00e7a distingida pel seu significat personal i un punt d&#8217;inflexi\u00f3 en l&#8217;evoluci\u00f3 creativa [&hellip;]<\/p>\n","protected":false},"featured_media":6921,"comment_status":"open","ping_status":"closed","template":"","meta":[],"product_cat":[131,277],"product_tag":[305],"_links":{"self":[{"href":"https:\/\/artlabandorra.com\/ca\/index.php\/wp-json\/wp\/v2\/product\/7027"}],"collection":[{"href":"https:\/\/artlabandorra.com\/ca\/index.php\/wp-json\/wp\/v2\/product"}],"about":[{"href":"https:\/\/artlabandorra.com\/ca\/index.php\/wp-json\/wp\/v2\/types\/product"}],"replies":[{"embeddable":true,"href":"https:\/\/artlabandorra.com\/ca\/index.php\/wp-json\/wp\/v2\/comments?post=7027"}],"wp:featuredmedia":[{"embeddable":true,"href":"https:\/\/artlabandorra.com\/ca\/index.php\/wp-json\/wp\/v2\/media\/6921"}],"wp:attachment":[{"href":"https:\/\/artlabandorra.com\/ca\/index.php\/wp-json\/wp\/v2\/media?parent=7027"}],"wp:term":[{"taxonomy":"product_cat","embeddable":true,"href":"https:\/\/artlabandorra.com\/ca\/index.php\/wp-json\/wp\/v2\/product_cat?post=7027"},{"taxonomy":"product_tag","embeddable":true,"href":"https:\/\/artlabandorra.com\/ca\/index.php\/wp-json\/wp\/v2\/product_tag?post=7027"}],"curies":[{"name":"wp","href":"https:\/\/api.w.org\/{rel}","templated":true}]}}