{"id":7033,"date":"2024-03-25T12:41:20","date_gmt":"2024-03-25T12:41:20","guid":{"rendered":"https:\/\/artlabandorra.com\/new\/?post_type=product&#038;p=7033"},"modified":"2024-07-22T11:56:40","modified_gmt":"2024-07-22T11:56:40","slug":"femme-fatale","status":"publish","type":"product","link":"https:\/\/artlabandorra.com\/ca\/index.php\/product\/femme-fatale\/","title":{"rendered":"Femme Fatale"},"content":{"rendered":"<p>\u201cFemme Fatale\u201d suggereix una interpretaci\u00f3 de la figura, en primer pla, com una dona misteriosa i seductora, potencialment perillosa, que sost\u00e9 una cigarreta entre els llavis lleugerament oberts, encarnant la \u201cfemme fatale\u201d, un arquetip com\u00fa en l\u2019art i la literatura caracteritzat pel seu misteri i poder seductor. La cigarreta simbolitza aquesta qualitat fatal, un vici que sedueix mentre tamb\u00e9 indica un perill imminent. L\u2019obra, en el seu estil expressionista, comunica un sentiment profund i fosc, evocant l\u2019aura enigm\u00e0tica de la figura representada. El tractament de la imatge \u00e9s abstracte, amb taques i l\u00ednies gruixudes que distorsionen i fragmenten la cara, creant una sensaci\u00f3 de desintegraci\u00f3 dels trets. La paleta de colors \u00e9s principalment fosca, amb tons de gris que dominen la composici\u00f3, interromputs per esclats de colors fluorescents com el vermell, taronja, blau i groc. Aquests colors vibrants simbolitzen moments d\u2019intensitat emocional que trenquen la monotonia del gris. La t\u00e8cnica d\u2019acr\u00edlic sobre tela \u00e9s coherent amb el llenguatge visual contemporani de Maseda, on la textura i la rapidesa de les pinzellades contribueixen a una sensaci\u00f3 d\u2019urg\u00e8ncia i cruesa en l\u2019obra. La mida de 73 x 92 cm permet una immersi\u00f3 en els detalls i les textures, convidant l\u2019espectador a una experi\u00e8ncia visual \u00edntima i directa, en l\u00ednia amb la filosofia art\u00edstica de Maseda.<\/p>\n","protected":false},"excerpt":{"rendered":"<p>\u201cFemme Fatale\u201d suggereix una interpretaci\u00f3 de la figura, en primer pla, com una dona misteriosa i seductora, potencialment perillosa, que sost\u00e9 una cigarreta entre els llavis lleugerament oberts, encarnant la \u201cfemme fatale\u201d, un arquetip com\u00fa en l\u2019art i la literatura [&hellip;]<\/p>\n","protected":false},"featured_media":6908,"comment_status":"open","ping_status":"closed","template":"","meta":[],"product_cat":[135,277],"product_tag":[308],"_links":{"self":[{"href":"https:\/\/artlabandorra.com\/ca\/index.php\/wp-json\/wp\/v2\/product\/7033"}],"collection":[{"href":"https:\/\/artlabandorra.com\/ca\/index.php\/wp-json\/wp\/v2\/product"}],"about":[{"href":"https:\/\/artlabandorra.com\/ca\/index.php\/wp-json\/wp\/v2\/types\/product"}],"replies":[{"embeddable":true,"href":"https:\/\/artlabandorra.com\/ca\/index.php\/wp-json\/wp\/v2\/comments?post=7033"}],"wp:featuredmedia":[{"embeddable":true,"href":"https:\/\/artlabandorra.com\/ca\/index.php\/wp-json\/wp\/v2\/media\/6908"}],"wp:attachment":[{"href":"https:\/\/artlabandorra.com\/ca\/index.php\/wp-json\/wp\/v2\/media?parent=7033"}],"wp:term":[{"taxonomy":"product_cat","embeddable":true,"href":"https:\/\/artlabandorra.com\/ca\/index.php\/wp-json\/wp\/v2\/product_cat?post=7033"},{"taxonomy":"product_tag","embeddable":true,"href":"https:\/\/artlabandorra.com\/ca\/index.php\/wp-json\/wp\/v2\/product_tag?post=7033"}],"curies":[{"name":"wp","href":"https:\/\/api.w.org\/{rel}","templated":true}]}}