{"id":7035,"date":"2024-03-25T12:52:23","date_gmt":"2024-03-25T12:52:23","guid":{"rendered":"https:\/\/artlabandorra.com\/new\/?post_type=product&#038;p=7035"},"modified":"2024-07-22T11:57:20","modified_gmt":"2024-07-22T11:57:20","slug":"emociones-ocultas-iv","status":"publish","type":"product","link":"https:\/\/artlabandorra.com\/ca\/index.php\/product\/emociones-ocultas-iv\/","title":{"rendered":"Emociones Ocultas IV"},"content":{"rendered":"<p>L\u2019obra \u201cHidden Emotions IV,\u201d de 100\u00d7100 cm i executada en acr\u00edlic sobre tela, \u00e9s una representaci\u00f3 expressiva de la complexitat de les emocions humanes. En aquesta pe\u00e7a, Maseda captura la tensi\u00f3 entre all\u00f2 que es mostra i all\u00f2 que es reserva dins del subjecte. L\u2019\u00fas del blanc i negre accentua el joc de llums i ombres, ressaltant els trets facials i la mirada introspectiva del personatge, que sembla buscar alguna cosa m\u00e9s enll\u00e0 de la tela. El contrast dram\u00e0tic de la il\u00b7luminaci\u00f3 revela profunditat en l\u2019expressi\u00f3 de la lluita emocional. La figura, representada amb una m\u00e0 a la cara i els ulls parcialment ocults, afegeix un element de misteri i emfatitza el concepte d\u2019emocions amagades. El toc de rosa fluorescent, aplicat amb una t\u00e8cnica que suggereix moviment i espontane\u00eftat, trenca la paleta monocrom\u00e0tica i suggereix una manifestaci\u00f3 de sentiments que lluiten per sortir a la superf\u00edcie. La t\u00e8cnica d\u2019acr\u00edlic permet a Maseda crear textures riques i variades, amb pinzellades que van des de suaument difuminades fins a decisivament marcades, reflectint la varietat d\u2019emocions proposades pel t\u00edtol de l\u2019obra. \u201cHidden Emotions IV\u201d \u00e9s, per tant, una pe\u00e7a que convida a la reflexi\u00f3 sobre la ment humana, la vulnerabilitat i la resili\u00e8ncia de l\u2019esperit.<\/p>\n","protected":false},"excerpt":{"rendered":"<p>L\u2019obra \u201cHidden Emotions IV,\u201d de 100\u00d7100 cm i executada en acr\u00edlic sobre tela, \u00e9s una representaci\u00f3 expressiva de la complexitat de les emocions humanes. En aquesta pe\u00e7a, Maseda captura la tensi\u00f3 entre all\u00f2 que es mostra i all\u00f2 que es [&hellip;]<\/p>\n","protected":false},"featured_media":6902,"comment_status":"open","ping_status":"closed","template":"","meta":[],"product_cat":[135,277],"product_tag":[308],"_links":{"self":[{"href":"https:\/\/artlabandorra.com\/ca\/index.php\/wp-json\/wp\/v2\/product\/7035"}],"collection":[{"href":"https:\/\/artlabandorra.com\/ca\/index.php\/wp-json\/wp\/v2\/product"}],"about":[{"href":"https:\/\/artlabandorra.com\/ca\/index.php\/wp-json\/wp\/v2\/types\/product"}],"replies":[{"embeddable":true,"href":"https:\/\/artlabandorra.com\/ca\/index.php\/wp-json\/wp\/v2\/comments?post=7035"}],"wp:featuredmedia":[{"embeddable":true,"href":"https:\/\/artlabandorra.com\/ca\/index.php\/wp-json\/wp\/v2\/media\/6902"}],"wp:attachment":[{"href":"https:\/\/artlabandorra.com\/ca\/index.php\/wp-json\/wp\/v2\/media?parent=7035"}],"wp:term":[{"taxonomy":"product_cat","embeddable":true,"href":"https:\/\/artlabandorra.com\/ca\/index.php\/wp-json\/wp\/v2\/product_cat?post=7035"},{"taxonomy":"product_tag","embeddable":true,"href":"https:\/\/artlabandorra.com\/ca\/index.php\/wp-json\/wp\/v2\/product_tag?post=7035"}],"curies":[{"name":"wp","href":"https:\/\/api.w.org\/{rel}","templated":true}]}}