{"id":7037,"date":"2024-03-25T13:05:03","date_gmt":"2024-03-25T13:05:03","guid":{"rendered":"https:\/\/artlabandorra.com\/new\/?post_type=product&#038;p=7037"},"modified":"2024-07-22T11:57:56","modified_gmt":"2024-07-22T11:57:56","slug":"paris","status":"publish","type":"product","link":"https:\/\/artlabandorra.com\/ca\/index.php\/product\/paris\/","title":{"rendered":"Par\u00eds"},"content":{"rendered":"<p>A \u201cParis,\u201d Maseda ens submergeix en les profunditats de la ment humana, estenent una m\u00e0 a l\u2019espectador per acompanyar-lo en un viatge d\u2019introspecci\u00f3 i exploraci\u00f3 de l\u00edmits. Les generoses dimensions de 140 x 190 cm serveixen com a llen\u00e7 on l\u2019acr\u00edlic flueix i s\u2019escampa, donant lloc a una aparen\u00e7a dif\u00edcilment discernible entre pinzellades i degoteigs que parlen d\u2019un esperit atrapat en l\u2019efervesc\u00e8ncia dels seus propis malsons i revelacions. L\u2019artista es despr\u00e8n de les cadenes de la figuraci\u00f3 pura i s\u2019endinsa en el terreny de l\u2019expressionisme abstracte, on troba la llibertat per manipular la forma fins a la seva ess\u00e8ncia m\u00e9s sincera. \u201cParis\u201d no \u00e9s nom\u00e9s una representaci\u00f3; \u00e9s una confessi\u00f3 visual on cada tra\u00e7 i cada color fluorescent \u00e9s un acte de rebel\u00b7li\u00f3 contra els l\u00edmits imposats anteriorment pel mateix Maseda. Aqu\u00ed, es trenquen barreres i la figura es converteix en un vehicle per expressar la tumultuosa recerca de l\u2019\u00e0nima del personatge. L\u2019obra, que va trobar el seu lloc a Mil\u00e0, convida a una interpretaci\u00f3 personal i subjectiva, on l\u2019espectador esdev\u00e9 part d\u2019aquella llibertat pict\u00f2rica, d\u2019aquell delit que Maseda experimenta permetent-se jugar entre les ombres del concret i la llum de l\u2019abstracte. \u00c9s un di\u00e0leg entre l\u2019art i el seu creador, entre la pintura i el seu p\u00fablic, ressonant m\u00e9s enll\u00e0 del llen\u00e7, en l\u2019espai compartit de sentiments i emocions.<\/p>\n","protected":false},"excerpt":{"rendered":"<p>A \u201cParis,\u201d Maseda ens submergeix en les profunditats de la ment humana, estenent una m\u00e0 a l\u2019espectador per acompanyar-lo en un viatge d\u2019introspecci\u00f3 i exploraci\u00f3 de l\u00edmits. Les generoses dimensions de 140 x 190 cm serveixen com a llen\u00e7 on [&hellip;]<\/p>\n","protected":false},"featured_media":6917,"comment_status":"open","ping_status":"closed","template":"","meta":[],"product_cat":[135,277],"product_tag":[308],"_links":{"self":[{"href":"https:\/\/artlabandorra.com\/ca\/index.php\/wp-json\/wp\/v2\/product\/7037"}],"collection":[{"href":"https:\/\/artlabandorra.com\/ca\/index.php\/wp-json\/wp\/v2\/product"}],"about":[{"href":"https:\/\/artlabandorra.com\/ca\/index.php\/wp-json\/wp\/v2\/types\/product"}],"replies":[{"embeddable":true,"href":"https:\/\/artlabandorra.com\/ca\/index.php\/wp-json\/wp\/v2\/comments?post=7037"}],"wp:featuredmedia":[{"embeddable":true,"href":"https:\/\/artlabandorra.com\/ca\/index.php\/wp-json\/wp\/v2\/media\/6917"}],"wp:attachment":[{"href":"https:\/\/artlabandorra.com\/ca\/index.php\/wp-json\/wp\/v2\/media?parent=7037"}],"wp:term":[{"taxonomy":"product_cat","embeddable":true,"href":"https:\/\/artlabandorra.com\/ca\/index.php\/wp-json\/wp\/v2\/product_cat?post=7037"},{"taxonomy":"product_tag","embeddable":true,"href":"https:\/\/artlabandorra.com\/ca\/index.php\/wp-json\/wp\/v2\/product_tag?post=7037"}],"curies":[{"name":"wp","href":"https:\/\/api.w.org\/{rel}","templated":true}]}}