{"id":7039,"date":"2024-03-25T13:11:12","date_gmt":"2024-03-25T13:11:12","guid":{"rendered":"https:\/\/artlabandorra.com\/new\/?post_type=product&#038;p=7039"},"modified":"2026-02-05T21:21:05","modified_gmt":"2026-02-05T21:21:05","slug":"basquiat","status":"publish","type":"product","link":"https:\/\/artlabandorra.com\/ca\/index.php\/product\/basquiat\/","title":{"rendered":"Basquiat"},"content":{"rendered":"<p>Una obra que mesura 100 x 81 cm i que manifesta un ric tap\u00eds de textures i simbolisme. Amb una base d\u2019acr\u00edlic, retolador i guix sobre fusta, el retrat de l\u2019ic\u00f2nic artista emergeix enmig de capes de collage formades per retalls de diari, que proporcionen un context cultural i temporal espec\u00edfic. La t\u00e8cnica de t\u00e8cniques mixtes afegeix profunditat t\u00e0ctil i hist\u00f2rica, reflectint l\u2019ess\u00e8ncia multifac\u00e8tica de Jean-Michel Basquiat i el seu llegat en l\u2019art contemporani. La integraci\u00f3 de tintes UV i la corona de ne\u00f3, un element ic\u00f2nic associat amb Basquiat, afegeix una dimensi\u00f3 contempor\u00e0nia i simb\u00f2lica a l\u2019obra, il\u00b7luminant no nom\u00e9s el llen\u00e7 sin\u00f3 tamb\u00e9 la complexitat del personatge. La seva corona no \u00e9s nom\u00e9s una font de llum sin\u00f3 tamb\u00e9 un s\u00edmbol de noblesa, \u00e8xit i lluita, elements recurrents en la vida i obra de Basquiat. El proc\u00e9s de creaci\u00f3 de la pe\u00e7a implica una immersi\u00f3 en la vida del personatge retratat, on cada retall de diari seleccionat per al collage ressona amb la hist\u00f2ria de Basquiat, les seves obres, el seu impacte i el seu esperit rebel. L\u2019\u00fas del guix com a base no nom\u00e9s prepara el llen\u00e7 sin\u00f3 que tamb\u00e9 simbolitza un nou comen\u00e7ament, una p\u00e0gina en blanc sobre la qual es narra una nova hist\u00f2ria. Aquest retrat \u00e9s una conflu\u00e8ncia d\u2019art i realitat, d\u2019hist\u00f2ria i contemporane\u00eftat, encapsulant la visi\u00f3 de l\u2019artista sobre Basquiat, revelant com el seu llegat continua inspirant i desafiant noves generacions. \u00c9s un di\u00e0leg visual que convida els espectadors a participar i reflexionar sobre l\u2019impacte durador de Basquiat en l\u2019art modern. En paraules de l\u2019artista, \u201cbarreja tot all\u00f2 que el fa somiar en l\u2019obra d\u2019art.\u201d<\/p>\n","protected":false},"excerpt":{"rendered":"<p>Una obra que mesura 100 x 81 cm i que manifesta un ric tap\u00eds de textures i simbolisme. Amb una base d\u2019acr\u00edlic, retolador i guix sobre fusta, el retrat de l\u2019ic\u00f2nic artista emergeix enmig de capes de collage formades per [&hellip;]<\/p>\n","protected":false},"featured_media":6895,"comment_status":"open","ping_status":"closed","template":"","meta":[],"product_cat":[135,277],"product_tag":[300,301,302],"_links":{"self":[{"href":"https:\/\/artlabandorra.com\/ca\/index.php\/wp-json\/wp\/v2\/product\/7039"}],"collection":[{"href":"https:\/\/artlabandorra.com\/ca\/index.php\/wp-json\/wp\/v2\/product"}],"about":[{"href":"https:\/\/artlabandorra.com\/ca\/index.php\/wp-json\/wp\/v2\/types\/product"}],"replies":[{"embeddable":true,"href":"https:\/\/artlabandorra.com\/ca\/index.php\/wp-json\/wp\/v2\/comments?post=7039"}],"wp:featuredmedia":[{"embeddable":true,"href":"https:\/\/artlabandorra.com\/ca\/index.php\/wp-json\/wp\/v2\/media\/6895"}],"wp:attachment":[{"href":"https:\/\/artlabandorra.com\/ca\/index.php\/wp-json\/wp\/v2\/media?parent=7039"}],"wp:term":[{"taxonomy":"product_cat","embeddable":true,"href":"https:\/\/artlabandorra.com\/ca\/index.php\/wp-json\/wp\/v2\/product_cat?post=7039"},{"taxonomy":"product_tag","embeddable":true,"href":"https:\/\/artlabandorra.com\/ca\/index.php\/wp-json\/wp\/v2\/product_tag?post=7039"}],"curies":[{"name":"wp","href":"https:\/\/api.w.org\/{rel}","templated":true}]}}