{"id":7041,"date":"2024-03-25T13:26:32","date_gmt":"2024-03-25T13:26:32","guid":{"rendered":"https:\/\/artlabandorra.com\/new\/?post_type=product&#038;p=7041"},"modified":"2024-07-22T10:01:00","modified_gmt":"2024-07-22T10:01:00","slug":"my-name-is-prince","status":"publish","type":"product","link":"https:\/\/artlabandorra.com\/ca\/index.php\/product\/my-name-is-prince\/","title":{"rendered":"My name is prince"},"content":{"rendered":"<p>Aquest retrat de Prince forma part de la col\u00b7lecci\u00f3 \u201cLights\u201d, que es caracteritza per evolucionar al llarg del dia segons la llum, ja que incorpora una instal\u00b7laci\u00f3 de llum negra dins de l\u2019obra que es controla des d\u2019un dispositiu m\u00f2bil. Durant el dia, amb llum natural, nom\u00e9s es veu el personatge. A \u00faltima hora de la tarda, es pot programar o encendre directament des del dispositiu m\u00f2bil, i de sobte els colors fluorescents cobren vida, revelant el missatge ocult fet amb pintura fotoluminiscent. I, quan finalment apaguem la instal\u00b7laci\u00f3 i la casa queda a les fosques, podem contemplar el missatge ocult que amaga l\u2019obra, que \u00e9s l\u2019\u00e0nima de la pintura, durant aproximadament 15 minuts mentre es va esvaint gradualment, per comen\u00e7ar de nou l\u2019endem\u00e0.<\/p>\n","protected":false},"excerpt":{"rendered":"<p>Aquest retrat de Prince forma part de la col\u00b7lecci\u00f3 \u201cLights\u201d, que es caracteritza per evolucionar al llarg del dia segons la llum, ja que incorpora una instal\u00b7laci\u00f3 de llum negra dins de l\u2019obra que es controla des d\u2019un dispositiu m\u00f2bil. [&hellip;]<\/p>\n","protected":false},"featured_media":6919,"comment_status":"open","ping_status":"closed","template":"","meta":[],"product_cat":[135,277],"product_tag":[303],"_links":{"self":[{"href":"https:\/\/artlabandorra.com\/ca\/index.php\/wp-json\/wp\/v2\/product\/7041"}],"collection":[{"href":"https:\/\/artlabandorra.com\/ca\/index.php\/wp-json\/wp\/v2\/product"}],"about":[{"href":"https:\/\/artlabandorra.com\/ca\/index.php\/wp-json\/wp\/v2\/types\/product"}],"replies":[{"embeddable":true,"href":"https:\/\/artlabandorra.com\/ca\/index.php\/wp-json\/wp\/v2\/comments?post=7041"}],"wp:featuredmedia":[{"embeddable":true,"href":"https:\/\/artlabandorra.com\/ca\/index.php\/wp-json\/wp\/v2\/media\/6919"}],"wp:attachment":[{"href":"https:\/\/artlabandorra.com\/ca\/index.php\/wp-json\/wp\/v2\/media?parent=7041"}],"wp:term":[{"taxonomy":"product_cat","embeddable":true,"href":"https:\/\/artlabandorra.com\/ca\/index.php\/wp-json\/wp\/v2\/product_cat?post=7041"},{"taxonomy":"product_tag","embeddable":true,"href":"https:\/\/artlabandorra.com\/ca\/index.php\/wp-json\/wp\/v2\/product_tag?post=7041"}],"curies":[{"name":"wp","href":"https:\/\/api.w.org\/{rel}","templated":true}]}}