{"id":7094,"date":"2024-04-05T10:42:25","date_gmt":"2024-04-05T10:42:25","guid":{"rendered":"https:\/\/artlabandorra.com\/new\/?post_type=product&#038;p=7094"},"modified":"2026-04-19T15:00:49","modified_gmt":"2026-04-19T15:00:49","slug":"implosion-ii","status":"publish","type":"product","link":"https:\/\/artlabandorra.com\/ca\/index.php\/product\/implosion-ii\/","title":{"rendered":"Implosion II"},"content":{"rendered":"<p>&#8220;Implosi\u00f3 II&#8221;, una obra de Marco Maseda, destil\u00b7la l&#8217;ess\u00e8ncia de la identitat humana i la seva inherent fragilitat en un format de 34&#215;49 cm. Aquest retrat, executat amb acr\u00edlic sobre paper de 300 grams, captura un moment de profunda introspecci\u00f3, on la figura masculina, vestida amb la sobrietat d&#8217;un vestit gris, es retira de qualsevol identitat concreta sota una explosi\u00f3 de rosa fluorescent. El gest d&#8217;apuntar-se el cap podria interpretar-se com una resposta a un pensament sobtat o un moment de crisi interna, simbolitzant la lluita universal entre la ra\u00f3 i l&#8217;emoci\u00f3, la revelaci\u00f3 i la desesperaci\u00f3. El xarrup, un element caracter\u00edstic de l&#8217;obra de Maseda, actua com una signatura, per\u00f2 tamb\u00e9 com una explosi\u00f3 que representa la singularitat i complexitat de la ment humana. Cada esquitx i gota cap amunt desafia la gravetat, al\u00b7ludint a la naturalesa imprevisible i incontinguda dels nostres pensaments i sentiments. L&#8217;obra suggereix que, tot i compartir similituds en el nostre ser f\u00edsic, \u00e9s la ment la que ens diferencia, sent la font de la nostra individualitat i, alhora, de la nostra incontrolable explosi\u00f3 interna. Amb &#8220;Implosi\u00f3 II&#8221;, Maseda ens convida a contemplar la paradoxa de l&#8217;exist\u00e8ncia humana: som \u00e9ssers d&#8217;estructura similar, per\u00f2 alberguem universos \u00fanics i ca\u00f2tics en les nostres ments. La pe\u00e7a \u00e9s una reflexi\u00f3 sobre la condici\u00f3 humana, un reconeixement de les nostres lluites internes i la incessant cerca de la nostra pr\u00f2pia identitat i lloc al m\u00f3n.<\/p>\n","protected":false},"excerpt":{"rendered":"<p>&#8220;Implosi\u00f3 II&#8221;, una obra de Marco Maseda, destil\u00b7la l&#8217;ess\u00e8ncia de la identitat humana i la seva inherent fragilitat en un format de 34&#215;49 cm. Aquest retrat, executat amb acr\u00edlic sobre paper de 300 grams, captura un moment de profunda introspecci\u00f3, [&hellip;]<\/p>\n","protected":false},"featured_media":17,"comment_status":"open","ping_status":"closed","template":"","meta":[],"product_cat":[131,277],"product_tag":[304],"_links":{"self":[{"href":"https:\/\/artlabandorra.com\/ca\/index.php\/wp-json\/wp\/v2\/product\/7094"}],"collection":[{"href":"https:\/\/artlabandorra.com\/ca\/index.php\/wp-json\/wp\/v2\/product"}],"about":[{"href":"https:\/\/artlabandorra.com\/ca\/index.php\/wp-json\/wp\/v2\/types\/product"}],"replies":[{"embeddable":true,"href":"https:\/\/artlabandorra.com\/ca\/index.php\/wp-json\/wp\/v2\/comments?post=7094"}],"wp:featuredmedia":[{"embeddable":true,"href":"https:\/\/artlabandorra.com\/ca\/index.php\/wp-json\/wp\/v2\/media\/17"}],"wp:attachment":[{"href":"https:\/\/artlabandorra.com\/ca\/index.php\/wp-json\/wp\/v2\/media?parent=7094"}],"wp:term":[{"taxonomy":"product_cat","embeddable":true,"href":"https:\/\/artlabandorra.com\/ca\/index.php\/wp-json\/wp\/v2\/product_cat?post=7094"},{"taxonomy":"product_tag","embeddable":true,"href":"https:\/\/artlabandorra.com\/ca\/index.php\/wp-json\/wp\/v2\/product_tag?post=7094"}],"curies":[{"name":"wp","href":"https:\/\/api.w.org\/{rel}","templated":true}]}}