{"id":7095,"date":"2024-04-05T10:45:07","date_gmt":"2024-04-05T10:45:07","guid":{"rendered":"https:\/\/artlabandorra.com\/new\/?post_type=product&#038;p=7095"},"modified":"2024-07-22T14:27:49","modified_gmt":"2024-07-22T14:27:49","slug":"implosion","status":"publish","type":"product","link":"https:\/\/artlabandorra.com\/ca\/index.php\/product\/implosion\/","title":{"rendered":"Implosion"},"content":{"rendered":"<p><strong>&#8220;Implosi\u00f3&#8221;<\/strong> \u00e9s una pe\u00e7a reveladora de 34&#215;49 cm, en qu\u00e8 Maseda utilitza acr\u00edlic sobre paper de 300 gr per desafiar les percepcions convencionals de la humanitat i la identitat. La figura humana sense cap est\u00e0 asseguda, amb les mans i el vestit clarament definits, simbolitzant la uniformitat de la nostra exist\u00e8ncia &#8220;des de les espatlles cap avall&#8221;. No obstant aix\u00f2, \u00e9s l&#8217;abs\u00e8ncia del cap la que crida a l&#8217;atenci\u00f3 sobre la singularitat de l&#8217;\u00e9sser: aquest espai buit \u00e9s un recordatori visual que, tot i que els nostres cossos es poden replicar o recon\u00e8ixer, la ment que habita a dalt \u00e9s \u00fanica, una entitat impossible de duplicar. El vibrant i energ\u00e8tic esquitx de rosa fluorescent sobre el cap no \u00e9s nom\u00e9s una marca distintiva de Maseda,sin\u00f3 tamb\u00e9 una met\u00e0fora de l&#8217;explosi\u00f3 de pensaments, emocions i idees que posseeix cada persona. Aquest esclat de color,que desafia la gravetat i la l\u00f2gica, representa la naturalesa incontrolable i sovint conflictiva de la nostra psique. L&#8217;esquitx,amb el seu car\u00e0cter \u00fanic i la tend\u00e8ncia a desafiar les lleis de la f\u00edsica, ens recorda que no hi ha dues ments iguals i que no hi ha regles fixes per contenir el remol\u00ed de la nostra consci\u00e8ncia. Amb &#8220;Implosi\u00f3&#8221;, Maseda s&#8217;endinsa en l&#8217;estudi del jo interior i ens convida a recon\u00e8ixer i celebrar l&#8217;ess\u00e8ncia inimitable de la individualitat humana. Aquesta obra \u00e9s el preludi d&#8217;una s\u00e8rie en qu\u00e8 l&#8217;artista continuar\u00e0 explorant i desmitificant la figura humana, emprenent-nos en un viatge cap al reconeixement de la nostra pr\u00f2pia complexitat i singularitat.<\/p>\n","protected":false},"excerpt":{"rendered":"<p>&#8220;Implosi\u00f3&#8221; \u00e9s una pe\u00e7a reveladora de 34&#215;49 cm, en qu\u00e8 Maseda utilitza acr\u00edlic sobre paper de 300 gr per desafiar les percepcions convencionals de la humanitat i la identitat. La figura humana sense cap est\u00e0 asseguda, amb les mans i [&hellip;]<\/p>\n","protected":false},"featured_media":18,"comment_status":"open","ping_status":"closed","template":"","meta":[],"product_cat":[131,277],"product_tag":[304],"_links":{"self":[{"href":"https:\/\/artlabandorra.com\/ca\/index.php\/wp-json\/wp\/v2\/product\/7095"}],"collection":[{"href":"https:\/\/artlabandorra.com\/ca\/index.php\/wp-json\/wp\/v2\/product"}],"about":[{"href":"https:\/\/artlabandorra.com\/ca\/index.php\/wp-json\/wp\/v2\/types\/product"}],"replies":[{"embeddable":true,"href":"https:\/\/artlabandorra.com\/ca\/index.php\/wp-json\/wp\/v2\/comments?post=7095"}],"wp:featuredmedia":[{"embeddable":true,"href":"https:\/\/artlabandorra.com\/ca\/index.php\/wp-json\/wp\/v2\/media\/18"}],"wp:attachment":[{"href":"https:\/\/artlabandorra.com\/ca\/index.php\/wp-json\/wp\/v2\/media?parent=7095"}],"wp:term":[{"taxonomy":"product_cat","embeddable":true,"href":"https:\/\/artlabandorra.com\/ca\/index.php\/wp-json\/wp\/v2\/product_cat?post=7095"},{"taxonomy":"product_tag","embeddable":true,"href":"https:\/\/artlabandorra.com\/ca\/index.php\/wp-json\/wp\/v2\/product_tag?post=7095"}],"curies":[{"name":"wp","href":"https:\/\/api.w.org\/{rel}","templated":true}]}}