{"id":7096,"date":"2024-04-05T10:47:22","date_gmt":"2024-04-05T10:47:22","guid":{"rendered":"https:\/\/artlabandorra.com\/new\/?post_type=product&#038;p=7096"},"modified":"2026-04-19T15:13:48","modified_gmt":"2026-04-19T15:13:48","slug":"implosion-iii","status":"publish","type":"product","link":"https:\/\/artlabandorra.com\/ca\/index.php\/product\/implosion-iii\/","title":{"rendered":"Implosion III"},"content":{"rendered":"<p class=\"first-token\" data-sourcepos=\"1:1-1:18\"><strong>&#8220;Implosi\u00f3 III&#8221;<\/strong><\/p>\n<p data-sourcepos=\"3:1-3:26\">Mesurant 34&#215;49 cm, la pe\u00e7a titulada &#8220;Implosi\u00f3 III&#8221; utilitza una t\u00e8cnica acr\u00edlica sobre paper de 300 grams. Maseda juga amb la dualitat de control i alliberament en aquesta obra, amb mans detallades en blanc i negre que emmarquen una explosi\u00f3 de rosa fluorescent. Aquest rosa, caracter\u00edstic de l&#8217;obra de Maseda, \u00e9s un acte de rebel\u00b7li\u00f3 contra el monocrom,evocant una implosi\u00f3 emocional, una alliberaci\u00f3 controlada del que est\u00e0 contingut en el seu interior. Maseda, amb la seva capacitat de fusionar la figuraci\u00f3 amb l&#8217;expressionisme abstracte, ens presenta dues mans suspeses en un gest que sembla buscar, agafar o potser alliberar alguna cosa essencial i invisible. El rosa fluorescent, caracter\u00edstic de la seva obra, sorgeix de la ment en un flux ascendent que \u00e9s alhora una explosi\u00f3 i una emanaci\u00f3 de l&#8217;ess\u00e8ncia humana. Aquest color, tan vibrant i ple d&#8217;energia, es situa com el protagonista indiscutible de la pe\u00e7a, simbolitzant la singularitat i irreempla\u00e7abilitat de l&#8217;\u00e9sser que Maseda valora tant. La tensi\u00f3 entre la precisi\u00f3 de les mans i la for\u00e7a del color transmet una dualitat inherent en l&#8217;experi\u00e8ncia humana: la contenci\u00f3 i l&#8217;explosi\u00f3 de l&#8217;\u00e9sser. La simplicitat del fons destaca aquesta interacci\u00f3, centrant tota l&#8217;atenci\u00f3 en el gest i l&#8217;esquitx, que es converteixen en els aut\u00e8ntics protagonistes del di\u00e0leg visual. La pe\u00e7a ressona amb el tema de la s\u00e8rie: la recerca de la identitat en la uniformitat, la singularitat que resideix en la ment i es manifesta en les nostres accions i expressions. Les mans, detallades amb precisi\u00f3 per\u00f2 sense cos, encarnen la lluita i la bellesa de la nostra humanitat compartida, mentre que l&#8217;explosi\u00f3 de color sobre el cap suggereix la impossibilitat de contenir o replicar la complexitat de l&#8217;experi\u00e8ncia individual. &#8220;Implosi\u00f3 III&#8221; \u00e9s un himne a la complexitat interior, a la lluita per comprendre i expressar el que hi ha profundament en nosaltres. Maseda ens convida a reflexionar sobre la naturalesa ef\u00edmera de les nostres exist\u00e8ncies, sobre la impossibilitat de capturar completament l&#8217;ess\u00e8ncia d&#8217;un \u00e9sser hum\u00e0 en qualsevol mitj\u00e0 i sobre la llibertat que es troba en acceptar aquesta realitat.<\/p>\n","protected":false},"excerpt":{"rendered":"<p><span class=\"elementor-icon-list-text\">34 x 49 cm<\/span><\/p>\n","protected":false},"featured_media":19,"comment_status":"open","ping_status":"closed","template":"","meta":[],"product_cat":[131,277],"product_tag":[304],"_links":{"self":[{"href":"https:\/\/artlabandorra.com\/ca\/index.php\/wp-json\/wp\/v2\/product\/7096"}],"collection":[{"href":"https:\/\/artlabandorra.com\/ca\/index.php\/wp-json\/wp\/v2\/product"}],"about":[{"href":"https:\/\/artlabandorra.com\/ca\/index.php\/wp-json\/wp\/v2\/types\/product"}],"replies":[{"embeddable":true,"href":"https:\/\/artlabandorra.com\/ca\/index.php\/wp-json\/wp\/v2\/comments?post=7096"}],"wp:featuredmedia":[{"embeddable":true,"href":"https:\/\/artlabandorra.com\/ca\/index.php\/wp-json\/wp\/v2\/media\/19"}],"wp:attachment":[{"href":"https:\/\/artlabandorra.com\/ca\/index.php\/wp-json\/wp\/v2\/media?parent=7096"}],"wp:term":[{"taxonomy":"product_cat","embeddable":true,"href":"https:\/\/artlabandorra.com\/ca\/index.php\/wp-json\/wp\/v2\/product_cat?post=7096"},{"taxonomy":"product_tag","embeddable":true,"href":"https:\/\/artlabandorra.com\/ca\/index.php\/wp-json\/wp\/v2\/product_tag?post=7096"}],"curies":[{"name":"wp","href":"https:\/\/api.w.org\/{rel}","templated":true}]}}