{"id":7152,"date":"2024-04-24T11:17:23","date_gmt":"2024-04-24T11:17:23","guid":{"rendered":"https:\/\/artlabandorra.com\/new\/?post_type=product&#038;p=7152"},"modified":"2024-07-22T10:23:38","modified_gmt":"2024-07-22T10:23:38","slug":"janis-joplin","status":"publish","type":"product","link":"https:\/\/artlabandorra.com\/ca\/index.php\/product\/janis-joplin\/","title":{"rendered":"JANIS JOPLIN"},"content":{"rendered":"<p>Janis Joplin, una veritable original, va trencar sense por les normes socials, obrint cam\u00ed a les dones en un m\u00f3n dominat pels homes. El seu estil vocal \u00fanic, alimentat per una pot\u00e8ncia bruta, va desafiar les convencions i va exhibir la seva autenticitat. Superant tab\u00fas, va demostrar que les dones podien assolir la grandesa en els seus propis termes. La seva vida i filosofia continuen inspirant valentia i geni, instant els altres a abra\u00e7ar el seu veritable jo. Janis, l&#8217;ep\u00edtom d&#8217;una estrella de rock, va transformar idees en actuacions emocionants, deixant una empremta indeleble en la hist\u00f2ria de la m\u00fasica.<\/p>\n","protected":false},"excerpt":{"rendered":"<p>Janis Joplin, una veritable original, va trencar sense por les normes socials, obrint cam\u00ed a les dones en un m\u00f3n dominat pels homes. El seu estil vocal \u00fanic, alimentat per una pot\u00e8ncia bruta, va desafiar les convencions i va exhibir [&hellip;]<\/p>\n","protected":false},"featured_media":7147,"comment_status":"open","ping_status":"closed","template":"","meta":[],"product_cat":[131,277],"product_tag":[305,306],"_links":{"self":[{"href":"https:\/\/artlabandorra.com\/ca\/index.php\/wp-json\/wp\/v2\/product\/7152"}],"collection":[{"href":"https:\/\/artlabandorra.com\/ca\/index.php\/wp-json\/wp\/v2\/product"}],"about":[{"href":"https:\/\/artlabandorra.com\/ca\/index.php\/wp-json\/wp\/v2\/types\/product"}],"replies":[{"embeddable":true,"href":"https:\/\/artlabandorra.com\/ca\/index.php\/wp-json\/wp\/v2\/comments?post=7152"}],"wp:featuredmedia":[{"embeddable":true,"href":"https:\/\/artlabandorra.com\/ca\/index.php\/wp-json\/wp\/v2\/media\/7147"}],"wp:attachment":[{"href":"https:\/\/artlabandorra.com\/ca\/index.php\/wp-json\/wp\/v2\/media?parent=7152"}],"wp:term":[{"taxonomy":"product_cat","embeddable":true,"href":"https:\/\/artlabandorra.com\/ca\/index.php\/wp-json\/wp\/v2\/product_cat?post=7152"},{"taxonomy":"product_tag","embeddable":true,"href":"https:\/\/artlabandorra.com\/ca\/index.php\/wp-json\/wp\/v2\/product_tag?post=7152"}],"curies":[{"name":"wp","href":"https:\/\/api.w.org\/{rel}","templated":true}]}}