{"id":7153,"date":"2024-04-24T11:22:31","date_gmt":"2024-04-24T11:22:31","guid":{"rendered":"https:\/\/artlabandorra.com\/new\/?post_type=product&#038;p=7153"},"modified":"2024-07-22T10:26:57","modified_gmt":"2024-07-22T10:26:57","slug":"jim-morrison","status":"publish","type":"product","link":"https:\/\/artlabandorra.com\/ca\/index.php\/product\/jim-morrison\/","title":{"rendered":"JIM MORRISON"},"content":{"rendered":"<p>Jim Morrison, un veritable buscador de la veritat, ens va instar a enfrontar-nos als nostres temors, abra\u00e7ant la llibertat a trav\u00e9s de la m\u00fasica, la poesia i l&#8217;amor. Va defensar l&#8217;acceptaci\u00f3 de si mateix i la fidelitat a un mateix, desafiant les normes socials amb una extravag\u00e0ncia apassionada. Per a ell, el veritable potencial resideix en desprendre&#8217;s de la por a la conformitat i abra\u00e7ar la llibertat com a m\u00e0xim assoliment. El seu missatge ressonant inspira els joves a desplegar les ales,perseguir els seus somnis i volar tan lluny com desitgin.<\/p>\n","protected":false},"excerpt":{"rendered":"<p>Jim Morrison, un veritable buscador de la veritat, ens va instar a enfrontar-nos als nostres temors, abra\u00e7ant la llibertat a trav\u00e9s de la m\u00fasica, la poesia i l&#8217;amor. Va defensar l&#8217;acceptaci\u00f3 de si mateix i la fidelitat a un mateix, [&hellip;]<\/p>\n","protected":false},"featured_media":7149,"comment_status":"open","ping_status":"closed","template":"","meta":[],"product_cat":[131,277],"product_tag":[300,307,306],"_links":{"self":[{"href":"https:\/\/artlabandorra.com\/ca\/index.php\/wp-json\/wp\/v2\/product\/7153"}],"collection":[{"href":"https:\/\/artlabandorra.com\/ca\/index.php\/wp-json\/wp\/v2\/product"}],"about":[{"href":"https:\/\/artlabandorra.com\/ca\/index.php\/wp-json\/wp\/v2\/types\/product"}],"replies":[{"embeddable":true,"href":"https:\/\/artlabandorra.com\/ca\/index.php\/wp-json\/wp\/v2\/comments?post=7153"}],"wp:featuredmedia":[{"embeddable":true,"href":"https:\/\/artlabandorra.com\/ca\/index.php\/wp-json\/wp\/v2\/media\/7149"}],"wp:attachment":[{"href":"https:\/\/artlabandorra.com\/ca\/index.php\/wp-json\/wp\/v2\/media?parent=7153"}],"wp:term":[{"taxonomy":"product_cat","embeddable":true,"href":"https:\/\/artlabandorra.com\/ca\/index.php\/wp-json\/wp\/v2\/product_cat?post=7153"},{"taxonomy":"product_tag","embeddable":true,"href":"https:\/\/artlabandorra.com\/ca\/index.php\/wp-json\/wp\/v2\/product_tag?post=7153"}],"curies":[{"name":"wp","href":"https:\/\/api.w.org\/{rel}","templated":true}]}}