{"id":7154,"date":"2024-04-24T11:49:18","date_gmt":"2024-04-24T11:49:18","guid":{"rendered":"https:\/\/artlabandorra.com\/new\/?post_type=product&#038;p=7154"},"modified":"2024-07-22T10:28:29","modified_gmt":"2024-07-22T10:28:29","slug":"basquiat-2","status":"publish","type":"product","link":"https:\/\/artlabandorra.com\/ca\/index.php\/product\/basquiat-2\/","title":{"rendered":"BASQUIAT"},"content":{"rendered":"<p>Jean-Michel Basquiat, un visionari, va rebutjar els cr\u00edtics d&#8217;art, veient l&#8217;art com a innat a tothom. Va transformar el grafitti en una eina poderosa, condemnant les injust\u00edcies socials. A trav\u00e9s de la seva obra, va buscar desenterrar veritats po\u00e8tiques,instant-nos a obrir els ulls i buscar significat en el dia a dia.<\/p>\n","protected":false},"excerpt":{"rendered":"<p>Jean-Michel Basquiat, un visionari, va rebutjar els cr\u00edtics d&#8217;art, veient l&#8217;art com a innat a tothom. Va transformar el grafitti en una eina poderosa, condemnant les injust\u00edcies socials. A trav\u00e9s de la seva obra, va buscar desenterrar veritats po\u00e8tiques,instant-nos a [&hellip;]<\/p>\n","protected":false},"featured_media":7148,"comment_status":"open","ping_status":"closed","template":"","meta":[],"product_cat":[131,277],"product_tag":[300,306],"_links":{"self":[{"href":"https:\/\/artlabandorra.com\/ca\/index.php\/wp-json\/wp\/v2\/product\/7154"}],"collection":[{"href":"https:\/\/artlabandorra.com\/ca\/index.php\/wp-json\/wp\/v2\/product"}],"about":[{"href":"https:\/\/artlabandorra.com\/ca\/index.php\/wp-json\/wp\/v2\/types\/product"}],"replies":[{"embeddable":true,"href":"https:\/\/artlabandorra.com\/ca\/index.php\/wp-json\/wp\/v2\/comments?post=7154"}],"wp:featuredmedia":[{"embeddable":true,"href":"https:\/\/artlabandorra.com\/ca\/index.php\/wp-json\/wp\/v2\/media\/7148"}],"wp:attachment":[{"href":"https:\/\/artlabandorra.com\/ca\/index.php\/wp-json\/wp\/v2\/media?parent=7154"}],"wp:term":[{"taxonomy":"product_cat","embeddable":true,"href":"https:\/\/artlabandorra.com\/ca\/index.php\/wp-json\/wp\/v2\/product_cat?post=7154"},{"taxonomy":"product_tag","embeddable":true,"href":"https:\/\/artlabandorra.com\/ca\/index.php\/wp-json\/wp\/v2\/product_tag?post=7154"}],"curies":[{"name":"wp","href":"https:\/\/api.w.org\/{rel}","templated":true}]}}