{"id":7155,"date":"2024-04-24T11:51:32","date_gmt":"2024-04-24T11:51:32","guid":{"rendered":"https:\/\/artlabandorra.com\/new\/?post_type=product&#038;p=7155"},"modified":"2024-07-22T10:31:06","modified_gmt":"2024-07-22T10:31:06","slug":"kurt-cobain","status":"publish","type":"product","link":"https:\/\/artlabandorra.com\/ca\/index.php\/product\/kurt-cobain\/","title":{"rendered":"KURT COBAIN"},"content":{"rendered":"<p>Kurt Cobain, un individu sense por, va abra\u00e7ar la seva singularitat i va desafiar les normes socials. La seva m\u00fasica parlava de les profunditats de la solitud i la por, empoderant els oients a ser fidels a si mateixos. Amb Nirvana, va confrontar la corrupci\u00f3 i els defectes socials, deixant una empremta indeleble en una generaci\u00f3. La seva veu inquietant i la seva vulnerabilitat \u00edntima van captivar el p\u00fablic, assegurant la durada del seu llegat.<\/p>\n","protected":false},"excerpt":{"rendered":"<p>Kurt Cobain, un individu sense por, va abra\u00e7ar la seva singularitat i va desafiar les normes socials. La seva m\u00fasica parlava de les profunditats de la solitud i la por, empoderant els oients a ser fidels a si mateixos. Amb [&hellip;]<\/p>\n","protected":false},"featured_media":7151,"comment_status":"open","ping_status":"closed","template":"","meta":[],"product_cat":[131,277],"product_tag":[300,306],"_links":{"self":[{"href":"https:\/\/artlabandorra.com\/ca\/index.php\/wp-json\/wp\/v2\/product\/7155"}],"collection":[{"href":"https:\/\/artlabandorra.com\/ca\/index.php\/wp-json\/wp\/v2\/product"}],"about":[{"href":"https:\/\/artlabandorra.com\/ca\/index.php\/wp-json\/wp\/v2\/types\/product"}],"replies":[{"embeddable":true,"href":"https:\/\/artlabandorra.com\/ca\/index.php\/wp-json\/wp\/v2\/comments?post=7155"}],"wp:featuredmedia":[{"embeddable":true,"href":"https:\/\/artlabandorra.com\/ca\/index.php\/wp-json\/wp\/v2\/media\/7151"}],"wp:attachment":[{"href":"https:\/\/artlabandorra.com\/ca\/index.php\/wp-json\/wp\/v2\/media?parent=7155"}],"wp:term":[{"taxonomy":"product_cat","embeddable":true,"href":"https:\/\/artlabandorra.com\/ca\/index.php\/wp-json\/wp\/v2\/product_cat?post=7155"},{"taxonomy":"product_tag","embeddable":true,"href":"https:\/\/artlabandorra.com\/ca\/index.php\/wp-json\/wp\/v2\/product_tag?post=7155"}],"curies":[{"name":"wp","href":"https:\/\/api.w.org\/{rel}","templated":true}]}}