{"id":7156,"date":"2024-04-24T11:53:27","date_gmt":"2024-04-24T11:53:27","guid":{"rendered":"https:\/\/artlabandorra.com\/new\/?post_type=product&#038;p=7156"},"modified":"2024-07-22T10:32:16","modified_gmt":"2024-07-22T10:32:16","slug":"amy-winehouse","status":"publish","type":"product","link":"https:\/\/artlabandorra.com\/ca\/index.php\/product\/amy-winehouse\/","title":{"rendered":"AMY WINEHOUSE"},"content":{"rendered":"<p>Amy Winehouse, una artista de rara sinceritat, va compartir sense por el seu viatge emocional a trav\u00e9s de la m\u00fasica.Rebutjant la pretensi\u00f3, va deixar al descobert la seva \u00e0nima al m\u00f3n, abra\u00e7ant els seus defectes i cicatrius sense reserves.Malgrat les cr\u00edtiques, va expressar valentament emocions universals d&#8217;amor, dolor i esperan\u00e7a, desafiant els tab\u00fas socials amb honestedat i vulnerabilitat. A trav\u00e9s de la seva m\u00fasica, va trobar consol i inspiraci\u00f3, deixant un profund missatge per a tots nosaltres d&#8217;abra\u00e7ar la nostra veritat i trobar for\u00e7a en l&#8217;adversitat.<\/p>\n","protected":false},"excerpt":{"rendered":"<p>Amy Winehouse, una artista de rara sinceritat, va compartir sense por el seu viatge emocional a trav\u00e9s de la m\u00fasica.Rebutjant la pretensi\u00f3, va deixar al descobert la seva \u00e0nima al m\u00f3n, abra\u00e7ant els seus defectes i cicatrius sense reserves.Malgrat les [&hellip;]<\/p>\n","protected":false},"featured_media":7150,"comment_status":"open","ping_status":"closed","template":"","meta":[],"product_cat":[131,277],"product_tag":[300,306],"_links":{"self":[{"href":"https:\/\/artlabandorra.com\/ca\/index.php\/wp-json\/wp\/v2\/product\/7156"}],"collection":[{"href":"https:\/\/artlabandorra.com\/ca\/index.php\/wp-json\/wp\/v2\/product"}],"about":[{"href":"https:\/\/artlabandorra.com\/ca\/index.php\/wp-json\/wp\/v2\/types\/product"}],"replies":[{"embeddable":true,"href":"https:\/\/artlabandorra.com\/ca\/index.php\/wp-json\/wp\/v2\/comments?post=7156"}],"wp:featuredmedia":[{"embeddable":true,"href":"https:\/\/artlabandorra.com\/ca\/index.php\/wp-json\/wp\/v2\/media\/7150"}],"wp:attachment":[{"href":"https:\/\/artlabandorra.com\/ca\/index.php\/wp-json\/wp\/v2\/media?parent=7156"}],"wp:term":[{"taxonomy":"product_cat","embeddable":true,"href":"https:\/\/artlabandorra.com\/ca\/index.php\/wp-json\/wp\/v2\/product_cat?post=7156"},{"taxonomy":"product_tag","embeddable":true,"href":"https:\/\/artlabandorra.com\/ca\/index.php\/wp-json\/wp\/v2\/product_tag?post=7156"}],"curies":[{"name":"wp","href":"https:\/\/api.w.org\/{rel}","templated":true}]}}