{"id":7157,"date":"2024-04-24T11:55:09","date_gmt":"2024-04-24T11:55:09","guid":{"rendered":"https:\/\/artlabandorra.com\/new\/?post_type=product&#038;p=7157"},"modified":"2024-07-22T10:33:30","modified_gmt":"2024-07-22T10:33:30","slug":"brian-jones","status":"publish","type":"product","link":"https:\/\/artlabandorra.com\/ca\/index.php\/product\/brian-jones\/","title":{"rendered":"BRIAN JONES"},"content":{"rendered":"<p>Brian Jones, un pioner musical, va instar a una experimentaci\u00f3 implacable per assolir la veritable innovaci\u00f3. Com a multiinstrumentista, va explorar sense por instruments obscurs, reformant el panorama musical amb el seu geni creatiu.Com a membre fundador dels Rolling Stones, va jugar un paper fonamental en la creaci\u00f3 del so distintiu de la banda i en la posada dels fonaments del seu \u00e8xit. Una \u00e0nima sensible, veia la m\u00fasica com un tresor sagrat, capa\u00e7 de transcendir fronteres i obrir nous regnes de possibilitat.<\/p>\n","protected":false},"excerpt":{"rendered":"<p>Brian Jones, un pioner musical, va instar a una experimentaci\u00f3 implacable per assolir la veritable innovaci\u00f3. Com a multiinstrumentista, va explorar sense por instruments obscurs, reformant el panorama musical amb el seu geni creatiu.Com a membre fundador dels Rolling Stones, [&hellip;]<\/p>\n","protected":false},"featured_media":7146,"comment_status":"open","ping_status":"closed","template":"","meta":[],"product_cat":[131,277],"product_tag":[300,306],"_links":{"self":[{"href":"https:\/\/artlabandorra.com\/ca\/index.php\/wp-json\/wp\/v2\/product\/7157"}],"collection":[{"href":"https:\/\/artlabandorra.com\/ca\/index.php\/wp-json\/wp\/v2\/product"}],"about":[{"href":"https:\/\/artlabandorra.com\/ca\/index.php\/wp-json\/wp\/v2\/types\/product"}],"replies":[{"embeddable":true,"href":"https:\/\/artlabandorra.com\/ca\/index.php\/wp-json\/wp\/v2\/comments?post=7157"}],"wp:featuredmedia":[{"embeddable":true,"href":"https:\/\/artlabandorra.com\/ca\/index.php\/wp-json\/wp\/v2\/media\/7146"}],"wp:attachment":[{"href":"https:\/\/artlabandorra.com\/ca\/index.php\/wp-json\/wp\/v2\/media?parent=7157"}],"wp:term":[{"taxonomy":"product_cat","embeddable":true,"href":"https:\/\/artlabandorra.com\/ca\/index.php\/wp-json\/wp\/v2\/product_cat?post=7157"},{"taxonomy":"product_tag","embeddable":true,"href":"https:\/\/artlabandorra.com\/ca\/index.php\/wp-json\/wp\/v2\/product_tag?post=7157"}],"curies":[{"name":"wp","href":"https:\/\/api.w.org\/{rel}","templated":true}]}}