{"id":7158,"date":"2024-04-24T11:56:58","date_gmt":"2024-04-24T11:56:58","guid":{"rendered":"https:\/\/artlabandorra.com\/new\/?post_type=product&#038;p=7158"},"modified":"2024-07-22T10:35:20","modified_gmt":"2024-07-22T10:35:20","slug":"jimi-hendrix","status":"publish","type":"product","link":"https:\/\/artlabandorra.com\/ca\/index.php\/product\/jimi-hendrix\/","title":{"rendered":"JIMI HENDRIX"},"content":{"rendered":"<p>Jimi Hendrix, una llegenda musical, va empunyar la seva guitarra per predicar el poder de l&#8217;amor i l&#8217;harmonia. El seu geni autodidacte va transformar la guitarra el\u00e8ctrica, deixant una empremta indeleble en la hist\u00f2ria de la m\u00fasica. Amb les seves actuacions apassionades, va buscar curar i unir, creient en el llenguatge universal de la m\u00fasica per pacificar la viol\u00e8ncia i difondre la pau. Malgrat la fama, va romandre fidel a les seves arrels, prioritzant el seu missatge per sobre de la riquesa i les riqueses. El llegat de Hendrix continua inspirant-nos, recordant-nos que l&#8217;amor ho conquera tot.<\/p>\n","protected":false},"excerpt":{"rendered":"<p>Jimi Hendrix, una llegenda musical, va empunyar la seva guitarra per predicar el poder de l&#8217;amor i l&#8217;harmonia. El seu geni autodidacte va transformar la guitarra el\u00e8ctrica, deixant una empremta indeleble en la hist\u00f2ria de la m\u00fasica. Amb les seves [&hellip;]<\/p>\n","protected":false},"featured_media":7145,"comment_status":"open","ping_status":"closed","template":"","meta":[],"product_cat":[131,277],"product_tag":[300,306],"_links":{"self":[{"href":"https:\/\/artlabandorra.com\/ca\/index.php\/wp-json\/wp\/v2\/product\/7158"}],"collection":[{"href":"https:\/\/artlabandorra.com\/ca\/index.php\/wp-json\/wp\/v2\/product"}],"about":[{"href":"https:\/\/artlabandorra.com\/ca\/index.php\/wp-json\/wp\/v2\/types\/product"}],"replies":[{"embeddable":true,"href":"https:\/\/artlabandorra.com\/ca\/index.php\/wp-json\/wp\/v2\/comments?post=7158"}],"wp:featuredmedia":[{"embeddable":true,"href":"https:\/\/artlabandorra.com\/ca\/index.php\/wp-json\/wp\/v2\/media\/7145"}],"wp:attachment":[{"href":"https:\/\/artlabandorra.com\/ca\/index.php\/wp-json\/wp\/v2\/media?parent=7158"}],"wp:term":[{"taxonomy":"product_cat","embeddable":true,"href":"https:\/\/artlabandorra.com\/ca\/index.php\/wp-json\/wp\/v2\/product_cat?post=7158"},{"taxonomy":"product_tag","embeddable":true,"href":"https:\/\/artlabandorra.com\/ca\/index.php\/wp-json\/wp\/v2\/product_tag?post=7158"}],"curies":[{"name":"wp","href":"https:\/\/api.w.org\/{rel}","templated":true}]}}