{"id":7177,"date":"2024-04-24T12:35:45","date_gmt":"2024-04-24T12:35:45","guid":{"rendered":"https:\/\/artlabandorra.com\/new\/?post_type=product&#038;p=7177"},"modified":"2024-07-22T10:49:08","modified_gmt":"2024-07-22T10:49:08","slug":"0099","status":"publish","type":"product","link":"https:\/\/artlabandorra.com\/ca\/index.php\/product\/0099\/","title":{"rendered":"0099"},"content":{"rendered":"<p class=\"first-token\" data-sourcepos=\"1:1-1:60\"><strong>&#8220;Creators 2022&#8221;<\/strong> \u00e9s un gest humor\u00edstic a la nostra pr\u00f2pia pretensi\u00f3, centrat al voltant d&#8217;un motiu de pila d&#8217;or, un s\u00edmbol obert a la interpretaci\u00f3 individual. Representa els ideals inassolibles que perseguim, sovint revelant-se com simples piles d&#8217;or en un examen m\u00e9s detallat. El projecte reflecteix humor\u00edsticament l&#8217;absurd dels creadors i el seu entorn, oferint una oportunitat NFT per posseir una pe\u00e7a d&#8217;aquesta art sat\u00edrica.<\/p>\n<p data-sourcepos=\"3:1-4:65\">Aquest LOT amb el marc negre original d&#8217;alta qualitat, passepartout negre i nano-acr\u00edlic, el pots trobar a Andorra a Art Lab (Av. d&#8217;Enclar, 84, AD500 Santa Coloma). O b\u00e9 el pots comprar des del lloc web amb lliurament a domicili.<\/p>\n","protected":false},"excerpt":{"rendered":"<p>&#8220;Creators 2022&#8221; \u00e9s un gest humor\u00edstic a la nostra pr\u00f2pia pretensi\u00f3, centrat al voltant d&#8217;un motiu de pila d&#8217;or, un s\u00edmbol obert a la interpretaci\u00f3 individual. Representa els ideals inassolibles que perseguim, sovint revelant-se com simples piles d&#8217;or en un [&hellip;]<\/p>\n","protected":false},"featured_media":7142,"comment_status":"open","ping_status":"closed","template":"","meta":[],"product_cat":[131,286],"product_tag":[287],"_links":{"self":[{"href":"https:\/\/artlabandorra.com\/ca\/index.php\/wp-json\/wp\/v2\/product\/7177"}],"collection":[{"href":"https:\/\/artlabandorra.com\/ca\/index.php\/wp-json\/wp\/v2\/product"}],"about":[{"href":"https:\/\/artlabandorra.com\/ca\/index.php\/wp-json\/wp\/v2\/types\/product"}],"replies":[{"embeddable":true,"href":"https:\/\/artlabandorra.com\/ca\/index.php\/wp-json\/wp\/v2\/comments?post=7177"}],"wp:featuredmedia":[{"embeddable":true,"href":"https:\/\/artlabandorra.com\/ca\/index.php\/wp-json\/wp\/v2\/media\/7142"}],"wp:attachment":[{"href":"https:\/\/artlabandorra.com\/ca\/index.php\/wp-json\/wp\/v2\/media?parent=7177"}],"wp:term":[{"taxonomy":"product_cat","embeddable":true,"href":"https:\/\/artlabandorra.com\/ca\/index.php\/wp-json\/wp\/v2\/product_cat?post=7177"},{"taxonomy":"product_tag","embeddable":true,"href":"https:\/\/artlabandorra.com\/ca\/index.php\/wp-json\/wp\/v2\/product_tag?post=7177"}],"curies":[{"name":"wp","href":"https:\/\/api.w.org\/{rel}","templated":true}]}}